{"id":881,"date":"2025-09-25T18:47:28","date_gmt":"2025-09-25T15:47:28","guid":{"rendered":"https:\/\/drcanergelbal.com\/tr\/?page_id=881"},"modified":"2025-09-27T12:23:13","modified_gmt":"2025-09-27T09:23:13","slug":"vucut-estetigi","status":"publish","type":"page","link":"https:\/\/drcanergelbal.com\/tr\/vucut-estetigi\/","title":{"rendered":"V\u00fccut Esteti\u011fi"},"content":{"rendered":"\t\t<div data-elementor-type=\"wp-page\" data-elementor-id=\"881\" class=\"elementor elementor-881\" data-elementor-post-type=\"page\">\n\t\t\t\t<div class=\"elementor-element elementor-element-522ca51 e-flex e-con-boxed e-con e-parent\" data-id=\"522ca51\" data-element_type=\"container\">\n\t\t\t\t\t<div class=\"e-con-inner\">\n\t\t<div class=\"elementor-element elementor-element-61e9a2b e-con-full e-flex e-con e-child\" data-id=\"61e9a2b\" data-element_type=\"container\">\n\t\t\t\t<div class=\"elementor-element elementor-element-cab9bb2 elementor-widget elementor-widget-heading\" data-id=\"cab9bb2\" data-element_type=\"widget\" data-widget_type=\"heading.default\">\n\t\t\t\t\t<h1 class=\"elementor-heading-title elementor-size-default\">V\u00fccut Esteti\u011fi<\/h1>\t\t\t\t<\/div>\n\t\t\t\t<div class=\"elementor-element elementor-element-7fca7a3 elementor-widget elementor-widget-spacer\" data-id=\"7fca7a3\" data-element_type=\"widget\" data-widget_type=\"spacer.default\">\n\t\t\t\t\t\t\t<div class=\"elementor-spacer\">\n\t\t\t<div class=\"elementor-spacer-inner\"><\/div>\n\t\t<\/div>\n\t\t\t\t\t\t<\/div>\n\t\t\t\t<div class=\"elementor-element elementor-element-67dd236 elementor-widget elementor-widget-shortcode\" data-id=\"67dd236\" data-element_type=\"widget\" data-widget_type=\"shortcode.default\">\n\t\t\t\t\t\t\t<div class=\"elementor-shortcode\"><div class=\"aioseo-breadcrumbs\"><span class=\"aioseo-breadcrumb\">\n\tAnasayfa\n<\/span><\/div><\/div>\n\t\t\t\t\t\t<\/div>\n\t\t\t\t<div class=\"elementor-element elementor-element-2629724 elementor-widget elementor-widget-spacer\" data-id=\"2629724\" data-element_type=\"widget\" data-widget_type=\"spacer.default\">\n\t\t\t\t\t\t\t<div class=\"elementor-spacer\">\n\t\t\t<div class=\"elementor-spacer-inner\"><\/div>\n\t\t<\/div>\n\t\t\t\t\t\t<\/div>\n\t\t\t\t<div class=\"elementor-element elementor-element-72c69fd elementor-widget elementor-widget-text-editor\" data-id=\"72c69fd\" data-element_type=\"widget\" data-widget_type=\"text-editor.default\">\n\t\t\t\t\t\t\t\t\t<p>V\u00fccut esteti\u011fi, diyet ve egzersizle giderilemeyen b\u00f6lgesel ya\u011f birikimleri, sarkmalar ve form kay\u0131plar\u0131n\u0131 d\u00fczeltmeyi ama\u00e7layan estetik i\u015flemleri kapsar. Liposuction, kar\u0131n germe, kol germe gibi uygulamalarla v\u00fccut hatlar\u0131 \u015fekillendirilir, daha s\u0131k\u0131 ve orant\u0131l\u0131 bir g\u00f6r\u00fcn\u00fcm elde edilir. Bu i\u015flemler, ki\u015finin hem fiziksel g\u00f6r\u00fcn\u00fcm\u00fcn\u00fc hem de \u00f6zg\u00fcvenini iyile\u015ftirir.<\/p>\t\t\t\t\t\t\t\t<\/div>\n\t\t\t\t<\/div>\n\t\t\t\t\t<\/div>\n\t\t\t\t<\/div>\n\t\t<div class=\"elementor-element elementor-element-4b4ef95 e-grid e-con-boxed e-con e-parent\" data-id=\"4b4ef95\" data-element_type=\"container\">\n\t\t\t\t\t<div class=\"e-con-inner\">\n\t\t<div class=\"elementor-element elementor-element-be25b78 e-con-full e-flex e-con e-child\" data-id=\"be25b78\" data-element_type=\"container\">\n\t\t\t\t<div class=\"elementor-element elementor-element-cba2c07 elementor-widget elementor-widget-image\" data-id=\"cba2c07\" data-element_type=\"widget\" data-widget_type=\"image.default\">\n\t\t\t\t\t\t\t\t\t\t\t\t\t\t\t\t<a href=\"https:\/\/drcanergelbal.com\/tr\/vucut-estetigi\/liposuction\/\">\n\t\t\t\t\t\t\t<img fetchpriority=\"high\" decoding=\"async\" width=\"500\" height=\"563\" src=\"https:\/\/drcanergelbal.com\/tr\/wp-content\/uploads\/2025\/09\/liposuction-h1.jpg\" class=\"elementor-animation-grow attachment-full size-full wp-image-557\" alt=\"\" srcset=\"https:\/\/drcanergelbal.com\/tr\/wp-content\/uploads\/2025\/09\/liposuction-h1.jpg 500w, https:\/\/drcanergelbal.com\/tr\/wp-content\/uploads\/2025\/09\/liposuction-h1-266x300.jpg 266w\" sizes=\"(max-width: 500px) 100vw, 500px\" \/>\t\t\t\t\t\t\t\t<\/a>\n\t\t\t\t\t\t\t\t\t\t\t\t\t\t\t<\/div>\n\t\t\t\t<div class=\"elementor-element elementor-element-7d9e781 elementor-align-justify elementor-widget elementor-widget-button\" data-id=\"7d9e781\" data-element_type=\"widget\" data-widget_type=\"button.default\">\n\t\t\t\t\t\t\t\t\t\t<a class=\"elementor-button elementor-size-sm\" role=\"button\">\n\t\t\t\t\t\t<span class=\"elementor-button-content-wrapper\">\n\t\t\t\t\t\t\t\t\t<span class=\"elementor-button-text\">Liposuction<\/span>\n\t\t\t\t\t<\/span>\n\t\t\t\t\t<\/a>\n\t\t\t\t\t\t\t\t<\/div>\n\t\t\t\t<\/div>\n\t\t<div class=\"elementor-element elementor-element-83e0766 e-con-full e-flex e-con e-child\" data-id=\"83e0766\" data-element_type=\"container\">\n\t\t\t\t<div class=\"elementor-element elementor-element-ae0986a elementor-widget elementor-widget-image\" data-id=\"ae0986a\" data-element_type=\"widget\" data-widget_type=\"image.default\">\n\t\t\t\t\t\t\t\t\t\t\t\t\t\t\t\t<a href=\"https:\/\/drcanergelbal.com\/tr\/vucut-estetigi\/karin-germe\/\">\n\t\t\t\t\t\t\t<img decoding=\"async\" width=\"500\" height=\"563\" src=\"https:\/\/drcanergelbal.com\/tr\/wp-content\/uploads\/2025\/09\/karin-germe-h1.jpg\" class=\"elementor-animation-grow attachment-full size-full wp-image-558\" alt=\"\" srcset=\"https:\/\/drcanergelbal.com\/tr\/wp-content\/uploads\/2025\/09\/karin-germe-h1.jpg 500w, https:\/\/drcanergelbal.com\/tr\/wp-content\/uploads\/2025\/09\/karin-germe-h1-266x300.jpg 266w\" sizes=\"(max-width: 500px) 100vw, 500px\" \/>\t\t\t\t\t\t\t\t<\/a>\n\t\t\t\t\t\t\t\t\t\t\t\t\t\t\t<\/div>\n\t\t\t\t<div class=\"elementor-element elementor-element-a8d4710 elementor-align-justify elementor-widget elementor-widget-button\" data-id=\"a8d4710\" data-element_type=\"widget\" data-widget_type=\"button.default\">\n\t\t\t\t\t\t\t\t\t\t<a class=\"elementor-button elementor-size-sm\" role=\"button\">\n\t\t\t\t\t\t<span class=\"elementor-button-content-wrapper\">\n\t\t\t\t\t\t\t\t\t<span class=\"elementor-button-text\">Kar\u0131n Germe<\/span>\n\t\t\t\t\t<\/span>\n\t\t\t\t\t<\/a>\n\t\t\t\t\t\t\t\t<\/div>\n\t\t\t\t<\/div>\n\t\t<div class=\"elementor-element elementor-element-c75ea18 e-con-full e-flex e-con e-child\" data-id=\"c75ea18\" data-element_type=\"container\">\n\t\t\t\t<div class=\"elementor-element elementor-element-4be4ee4 elementor-widget elementor-widget-image\" data-id=\"4be4ee4\" data-element_type=\"widget\" data-widget_type=\"image.default\">\n\t\t\t\t\t\t\t\t\t\t\t\t\t\t\t\t<a href=\"https:\/\/drcanergelbal.com\/tr\/vucut-estetigi\/kol-germe\/\">\n\t\t\t\t\t\t\t<img decoding=\"async\" width=\"500\" height=\"563\" src=\"https:\/\/drcanergelbal.com\/tr\/wp-content\/uploads\/2025\/09\/kol-germe-h1.jpg\" class=\"elementor-animation-grow attachment-full size-full wp-image-1214\" alt=\"\" srcset=\"https:\/\/drcanergelbal.com\/tr\/wp-content\/uploads\/2025\/09\/kol-germe-h1.jpg 500w, https:\/\/drcanergelbal.com\/tr\/wp-content\/uploads\/2025\/09\/kol-germe-h1-266x300.jpg 266w\" sizes=\"(max-width: 500px) 100vw, 500px\" \/>\t\t\t\t\t\t\t\t<\/a>\n\t\t\t\t\t\t\t\t\t\t\t\t\t\t\t<\/div>\n\t\t\t\t<div class=\"elementor-element elementor-element-02e0291 elementor-align-justify elementor-widget elementor-widget-button\" data-id=\"02e0291\" data-element_type=\"widget\" data-widget_type=\"button.default\">\n\t\t\t\t\t\t\t\t\t\t<a class=\"elementor-button elementor-size-sm\" role=\"button\">\n\t\t\t\t\t\t<span class=\"elementor-button-content-wrapper\">\n\t\t\t\t\t\t\t\t\t<span class=\"elementor-button-text\">Kol Germe<\/span>\n\t\t\t\t\t<\/span>\n\t\t\t\t\t<\/a>\n\t\t\t\t\t\t\t\t<\/div>\n\t\t\t\t<\/div>\n\t\t<div class=\"elementor-element elementor-element-31627af e-con-full e-flex e-con e-child\" data-id=\"31627af\" data-element_type=\"container\">\n\t\t\t\t<div class=\"elementor-element elementor-element-73ecb48 elementor-widget elementor-widget-image\" data-id=\"73ecb48\" data-element_type=\"widget\" data-widget_type=\"image.default\">\n\t\t\t\t\t\t\t\t\t\t\t\t\t\t\t\t<a href=\"https:\/\/drcanergelbal.com\/tr\/vucut-estetigi\/annelik-estetigi\/\">\n\t\t\t\t\t\t\t<img loading=\"lazy\" decoding=\"async\" width=\"500\" height=\"563\" src=\"https:\/\/drcanergelbal.com\/tr\/wp-content\/uploads\/2025\/09\/annelik-estetigi-h1.jpg\" class=\"elementor-animation-grow attachment-full size-full wp-image-560\" alt=\"\" srcset=\"https:\/\/drcanergelbal.com\/tr\/wp-content\/uploads\/2025\/09\/annelik-estetigi-h1.jpg 500w, https:\/\/drcanergelbal.com\/tr\/wp-content\/uploads\/2025\/09\/annelik-estetigi-h1-266x300.jpg 266w\" sizes=\"(max-width: 500px) 100vw, 500px\" \/>\t\t\t\t\t\t\t\t<\/a>\n\t\t\t\t\t\t\t\t\t\t\t\t\t\t\t<\/div>\n\t\t\t\t<div class=\"elementor-element elementor-element-2f1914d elementor-align-justify elementor-widget elementor-widget-button\" data-id=\"2f1914d\" data-element_type=\"widget\" data-widget_type=\"button.default\">\n\t\t\t\t\t\t\t\t\t\t<a class=\"elementor-button elementor-size-sm\" role=\"button\">\n\t\t\t\t\t\t<span class=\"elementor-button-content-wrapper\">\n\t\t\t\t\t\t\t\t\t<span class=\"elementor-button-text\">Annelik Esteti\u011fi<\/span>\n\t\t\t\t\t<\/span>\n\t\t\t\t\t<\/a>\n\t\t\t\t\t\t\t\t<\/div>\n\t\t\t\t<\/div>\n\t\t<div class=\"elementor-element elementor-element-2c782e1 e-con-full e-flex e-con e-child\" data-id=\"2c782e1\" data-element_type=\"container\">\n\t\t\t\t<div class=\"elementor-element elementor-element-4389107 elementor-widget elementor-widget-image\" data-id=\"4389107\" data-element_type=\"widget\" data-widget_type=\"image.default\">\n\t\t\t\t\t\t\t\t\t\t\t\t\t\t\t\t<a href=\"https:\/\/drcanergelbal.com\/tr\/vucut-estetigi\/six-pack\/\">\n\t\t\t\t\t\t\t<img loading=\"lazy\" decoding=\"async\" width=\"500\" height=\"563\" src=\"https:\/\/drcanergelbal.com\/tr\/wp-content\/uploads\/2025\/09\/six-pack-h1.jpg\" class=\"elementor-animation-grow attachment-full size-full wp-image-559\" alt=\"\" srcset=\"https:\/\/drcanergelbal.com\/tr\/wp-content\/uploads\/2025\/09\/six-pack-h1.jpg 500w, https:\/\/drcanergelbal.com\/tr\/wp-content\/uploads\/2025\/09\/six-pack-h1-266x300.jpg 266w\" sizes=\"(max-width: 500px) 100vw, 500px\" \/>\t\t\t\t\t\t\t\t<\/a>\n\t\t\t\t\t\t\t\t\t\t\t\t\t\t\t<\/div>\n\t\t\t\t<div class=\"elementor-element elementor-element-7836782 elementor-align-justify elementor-widget elementor-widget-button\" data-id=\"7836782\" data-element_type=\"widget\" data-widget_type=\"button.default\">\n\t\t\t\t\t\t\t\t\t\t<a class=\"elementor-button elementor-size-sm\" role=\"button\">\n\t\t\t\t\t\t<span class=\"elementor-button-content-wrapper\">\n\t\t\t\t\t\t\t\t\t<span class=\"elementor-button-text\">Six Pack<\/span>\n\t\t\t\t\t<\/span>\n\t\t\t\t\t<\/a>\n\t\t\t\t\t\t\t\t<\/div>\n\t\t\t\t<\/div>\n\t\t\t\t\t<\/div>\n\t\t\t\t<\/div>\n\t\t\t\t<\/div>\n\t\t","protected":false},"excerpt":{"rendered":"<p>V\u00fccut Esteti\u011fi V\u00fccut esteti\u011fi, diyet ve egzersizle giderilemeyen b\u00f6lgesel ya\u011f birikimleri, sarkmalar ve form kay\u0131plar\u0131n\u0131 d\u00fczeltmeyi ama\u00e7layan estetik i\u015flemleri kapsar. Liposuction, kar\u0131n germe, kol germe gibi uygulamalarla v\u00fccut hatlar\u0131 \u015fekillendirilir, daha s\u0131k\u0131 ve orant\u0131l\u0131 bir g\u00f6r\u00fcn\u00fcm elde edilir. Bu i\u015flemler, ki\u015finin hem fiziksel g\u00f6r\u00fcn\u00fcm\u00fcn\u00fc hem de \u00f6zg\u00fcvenini iyile\u015ftirir. Liposuction Kar\u0131n Germe Kol Germe Annelik Esteti\u011fi [&hellip;]<\/p>\n","protected":false},"author":1,"featured_media":0,"parent":0,"menu_order":0,"comment_status":"closed","ping_status":"closed","template":"","meta":{"footnotes":""},"class_list":["post-881","page","type-page","status-publish","hentry"],"aioseo_notices":[],"_links":{"self":[{"href":"https:\/\/drcanergelbal.com\/tr\/wp-json\/wp\/v2\/pages\/881","targetHints":{"allow":["GET"]}}],"collection":[{"href":"https:\/\/drcanergelbal.com\/tr\/wp-json\/wp\/v2\/pages"}],"about":[{"href":"https:\/\/drcanergelbal.com\/tr\/wp-json\/wp\/v2\/types\/page"}],"author":[{"embeddable":true,"href":"https:\/\/drcanergelbal.com\/tr\/wp-json\/wp\/v2\/users\/1"}],"replies":[{"embeddable":true,"href":"https:\/\/drcanergelbal.com\/tr\/wp-json\/wp\/v2\/comments?post=881"}],"version-history":[{"count":7,"href":"https:\/\/drcanergelbal.com\/tr\/wp-json\/wp\/v2\/pages\/881\/revisions"}],"predecessor-version":[{"id":1226,"href":"https:\/\/drcanergelbal.com\/tr\/wp-json\/wp\/v2\/pages\/881\/revisions\/1226"}],"wp:attachment":[{"href":"https:\/\/drcanergelbal.com\/tr\/wp-json\/wp\/v2\/media?parent=881"}],"curies":[{"name":"wp","href":"https:\/\/api.w.org\/{rel}","templated":true}]}}